{"id":1642,"date":"2022-03-16T09:16:15","date_gmt":"2022-03-16T09:16:15","guid":{"rendered":"https:\/\/antosson2.com\/?page_id=1642"},"modified":"2022-03-16T14:57:06","modified_gmt":"2022-03-16T14:57:06","slug":"dsgvo","status":"publish","type":"page","link":"https:\/\/antosson.com\/?page_id=1642&lang=de","title":{"rendered":"DSGVO"},"content":{"rendered":"\t\t<div data-elementor-type=\"wp-page\" data-elementor-id=\"1642\" class=\"elementor elementor-1642\" data-elementor-post-type=\"page\">\n\t\t\t\t\t\t<section class=\"has_eae_slider elementor-section elementor-top-section elementor-element elementor-element-7ad3d20 elementor-section-boxed elementor-section-height-default elementor-section-height-default\" data-eae-slider=\"9539\" data-id=\"7ad3d20\" data-element_type=\"section\" data-e-type=\"section\">\n\t\t\t\t\t\t<div class=\"elementor-container elementor-column-gap-default\">\n\t\t\t\t\t<div class=\"has_eae_slider elementor-column elementor-col-50 elementor-top-column elementor-element elementor-element-95d66a6\" data-eae-slider=\"29809\" data-id=\"95d66a6\" data-element_type=\"column\" data-e-type=\"column\">\n\t\t\t<div class=\"elementor-widget-wrap elementor-element-populated\">\n\t\t\t\t\t\t<div class=\"elementor-element elementor-element-3c57683 elementor-widget elementor-widget-image\" data-id=\"3c57683\" data-element_type=\"widget\" data-e-type=\"widget\" data-widget_type=\"image.default\">\n\t\t\t\t<div class=\"elementor-widget-container\">\n\t\t\t\t\t\t\t\t\t\t\t\t\t\t\t<img fetchpriority=\"high\" decoding=\"async\" width=\"296\" height=\"300\" src=\"https:\/\/antosson.com\/wp-content\/uploads\/2021\/12\/Antosson-Logo-2-2-296x300.png\" class=\"attachment-medium size-medium wp-image-1031\" alt=\"\" srcset=\"https:\/\/antosson.com\/wp-content\/uploads\/2021\/12\/Antosson-Logo-2-2-296x300.png 296w, https:\/\/antosson.com\/wp-content\/uploads\/2021\/12\/Antosson-Logo-2-2.png 326w\" sizes=\"(max-width: 296px) 100vw, 296px\" \/>\t\t\t\t\t\t\t\t\t\t\t\t\t\t\t<\/div>\n\t\t\t\t<\/div>\n\t\t\t\t\t<\/div>\n\t\t<\/div>\n\t\t\t\t<div class=\"has_eae_slider elementor-column elementor-col-50 elementor-top-column elementor-element elementor-element-f8b5732\" data-eae-slider=\"96660\" data-id=\"f8b5732\" data-element_type=\"column\" data-e-type=\"column\">\n\t\t\t<div class=\"elementor-widget-wrap elementor-element-populated\">\n\t\t\t\t\t\t<div class=\"elementor-element elementor-element-58facbc elementor-widget elementor-widget-heading\" data-id=\"58facbc\" data-element_type=\"widget\" data-e-type=\"widget\" data-widget_type=\"heading.default\">\n\t\t\t\t<div class=\"elementor-widget-container\">\n\t\t\t\t\t<h1 class=\"elementor-heading-title elementor-size-default\">Arbeiten mit Leidenschaft ist unser Beruf! <\/h1>\t\t\t\t<\/div>\n\t\t\t\t<\/div>\n\t\t\t\t<div class=\"elementor-element elementor-element-f9e4b64 elementor-widget elementor-widget-spacer\" data-id=\"f9e4b64\" data-element_type=\"widget\" data-e-type=\"widget\" data-widget_type=\"spacer.default\">\n\t\t\t\t<div class=\"elementor-widget-container\">\n\t\t\t\t\t\t\t<div class=\"elementor-spacer\">\n\t\t\t<div class=\"elementor-spacer-inner\"><\/div>\n\t\t<\/div>\n\t\t\t\t\t\t<\/div>\n\t\t\t\t<\/div>\n\t\t\t\t<div class=\"elementor-element elementor-element-a847937 e-grid-align-right elementor-shape-rounded elementor-grid-0 elementor-widget elementor-widget-social-icons\" data-id=\"a847937\" data-element_type=\"widget\" data-e-type=\"widget\" data-widget_type=\"social-icons.default\">\n\t\t\t\t<div class=\"elementor-widget-container\">\n\t\t\t\t\t\t\t<div class=\"elementor-social-icons-wrapper elementor-grid\" role=\"list\">\n\t\t\t\t\t\t\t<span class=\"elementor-grid-item\" role=\"listitem\">\n\t\t\t\t\t<a class=\"elementor-icon elementor-social-icon elementor-social-icon-facebook elementor-repeater-item-12ef134\" target=\"_blank\">\n\t\t\t\t\t\t<span class=\"elementor-screen-only\">Facebook<\/span>\n\t\t\t\t\t\t<i aria-hidden=\"true\" class=\"fab fa-facebook\"><\/i>\t\t\t\t\t<\/a>\n\t\t\t\t<\/span>\n\t\t\t\t\t\t\t<span class=\"elementor-grid-item\" role=\"listitem\">\n\t\t\t\t\t<a class=\"elementor-icon elementor-social-icon elementor-social-icon-twitter elementor-repeater-item-71356bb\" target=\"_blank\">\n\t\t\t\t\t\t<span class=\"elementor-screen-only\">Twitter<\/span>\n\t\t\t\t\t\t<i aria-hidden=\"true\" class=\"fab fa-twitter\"><\/i>\t\t\t\t\t<\/a>\n\t\t\t\t<\/span>\n\t\t\t\t\t\t\t<span class=\"elementor-grid-item\" role=\"listitem\">\n\t\t\t\t\t<a class=\"elementor-icon elementor-social-icon elementor-social-icon-youtube elementor-repeater-item-79ef593\" target=\"_blank\">\n\t\t\t\t\t\t<span class=\"elementor-screen-only\">Youtube<\/span>\n\t\t\t\t\t\t<i aria-hidden=\"true\" class=\"fab fa-youtube\"><\/i>\t\t\t\t\t<\/a>\n\t\t\t\t<\/span>\n\t\t\t\t\t<\/div>\n\t\t\t\t\t\t<\/div>\n\t\t\t\t<\/div>\n\t\t\t\t\t<\/div>\n\t\t<\/div>\n\t\t\t\t\t<\/div>\n\t\t<\/section>\n\t\t\t\t<section class=\"has_eae_slider elementor-section elementor-top-section elementor-element elementor-element-0f3eb16 elementor-section-boxed elementor-section-height-default elementor-section-height-default\" data-eae-slider=\"43938\" data-id=\"0f3eb16\" data-element_type=\"section\" data-e-type=\"section\">\n\t\t\t\t\t\t<div class=\"elementor-container elementor-column-gap-default\">\n\t\t\t\t\t<div class=\"has_eae_slider elementor-column elementor-col-100 elementor-top-column elementor-element elementor-element-aace3d1\" data-eae-slider=\"51340\" data-id=\"aace3d1\" data-element_type=\"column\" data-e-type=\"column\">\n\t\t\t<div class=\"elementor-widget-wrap elementor-element-populated\">\n\t\t\t\t\t\t<div class=\"elementor-element elementor-element-65f328f elementor-nav-menu__align-end elementor-nav-menu--dropdown-none elementor-widget elementor-widget-nav-menu\" data-id=\"65f328f\" data-element_type=\"widget\" data-e-type=\"widget\" data-settings=\"{&quot;submenu_icon&quot;:{&quot;value&quot;:&quot;&lt;i class=\\&quot;fas fa-angle-down\\&quot;&gt;&lt;\\\/i&gt;&quot;,&quot;library&quot;:&quot;fa-solid&quot;},&quot;layout&quot;:&quot;horizontal&quot;}\" data-widget_type=\"nav-menu.default\">\n\t\t\t\t<div class=\"elementor-widget-container\">\n\t\t\t\t\t\t\t\t<nav aria-label=\"Men\u00fc\" class=\"elementor-nav-menu--main elementor-nav-menu__container elementor-nav-menu--layout-horizontal e--pointer-none\">\n\t\t\t\t<ul id=\"menu-1-65f328f\" class=\"elementor-nav-menu\"><li class=\"menu-item menu-item-type-post_type menu-item-object-page menu-item-1861\"><a href=\"https:\/\/antosson.com\/?page_id=1569&#038;lang=de\" class=\"elementor-item\">Hauptseite<\/a><\/li>\n<li class=\"menu-item menu-item-type-custom menu-item-object-custom menu-item-2250\"><a href=\"https:\/\/in2see.com\/wwcb\" class=\"elementor-item\">Kontakt<\/a><\/li>\n<li class=\"menu-item menu-item-type-post_type menu-item-object-page menu-item-1859\"><a href=\"https:\/\/antosson.com\/?page_id=1689&#038;lang=de\" class=\"elementor-item\">AGB<\/a><\/li>\n<li class=\"menu-item menu-item-type-post_type menu-item-object-page menu-item-1860\"><a href=\"https:\/\/antosson.com\/?page_id=1642&#038;lang=de\" class=\"elementor-item\">DSGVO<\/a><\/li>\n<li class=\"menu-item menu-item-type-post_type menu-item-object-page menu-item-1857\"><a href=\"https:\/\/antosson.com\/?page_id=1761&#038;lang=de\" class=\"elementor-item\">IMPRESSUM<\/a><\/li>\n<li class=\"menu-item menu-item-type-custom menu-item-object-custom menu-item-1856\"><a href=\"#pll_switcher\" class=\"elementor-item elementor-item-anchor\">Sprachen<\/a><\/li>\n<\/ul>\t\t\t<\/nav>\n\t\t\t\t\t\t<nav class=\"elementor-nav-menu--dropdown elementor-nav-menu__container\" aria-hidden=\"true\">\n\t\t\t\t<ul id=\"menu-2-65f328f\" class=\"elementor-nav-menu\"><li class=\"menu-item menu-item-type-post_type menu-item-object-page menu-item-1861\"><a href=\"https:\/\/antosson.com\/?page_id=1569&#038;lang=de\" class=\"elementor-item\" tabindex=\"-1\">Hauptseite<\/a><\/li>\n<li class=\"menu-item menu-item-type-custom menu-item-object-custom menu-item-2250\"><a href=\"https:\/\/in2see.com\/wwcb\" class=\"elementor-item\" tabindex=\"-1\">Kontakt<\/a><\/li>\n<li class=\"menu-item menu-item-type-post_type menu-item-object-page menu-item-1859\"><a href=\"https:\/\/antosson.com\/?page_id=1689&#038;lang=de\" class=\"elementor-item\" tabindex=\"-1\">AGB<\/a><\/li>\n<li class=\"menu-item menu-item-type-post_type menu-item-object-page menu-item-1860\"><a href=\"https:\/\/antosson.com\/?page_id=1642&#038;lang=de\" class=\"elementor-item\" tabindex=\"-1\">DSGVO<\/a><\/li>\n<li class=\"menu-item menu-item-type-post_type menu-item-object-page menu-item-1857\"><a href=\"https:\/\/antosson.com\/?page_id=1761&#038;lang=de\" class=\"elementor-item\" tabindex=\"-1\">IMPRESSUM<\/a><\/li>\n<li class=\"menu-item menu-item-type-custom menu-item-object-custom menu-item-1856\"><a href=\"#pll_switcher\" class=\"elementor-item elementor-item-anchor\" tabindex=\"-1\">Sprachen<\/a><\/li>\n<\/ul>\t\t\t<\/nav>\n\t\t\t\t\t\t<\/div>\n\t\t\t\t<\/div>\n\t\t\t\t\t<\/div>\n\t\t<\/div>\n\t\t\t\t\t<\/div>\n\t\t<\/section>\n\t\t\t\t<section class=\"has_eae_slider elementor-section elementor-top-section elementor-element elementor-element-d3ae6d9 elementor-section-boxed elementor-section-height-default elementor-section-height-default\" data-eae-slider=\"71298\" data-id=\"d3ae6d9\" data-element_type=\"section\" data-e-type=\"section\">\n\t\t\t\t\t\t<div class=\"elementor-container elementor-column-gap-default\">\n\t\t\t\t\t<div class=\"has_eae_slider elementor-column elementor-col-100 elementor-top-column elementor-element elementor-element-ac4301c\" data-eae-slider=\"72446\" data-id=\"ac4301c\" data-element_type=\"column\" data-e-type=\"column\">\n\t\t\t<div class=\"elementor-widget-wrap elementor-element-populated\">\n\t\t\t\t\t\t<div class=\"elementor-element elementor-element-67e1f24 elementor-widget elementor-widget-spacer\" data-id=\"67e1f24\" data-element_type=\"widget\" data-e-type=\"widget\" data-widget_type=\"spacer.default\">\n\t\t\t\t<div class=\"elementor-widget-container\">\n\t\t\t\t\t\t\t<div class=\"elementor-spacer\">\n\t\t\t<div class=\"elementor-spacer-inner\"><\/div>\n\t\t<\/div>\n\t\t\t\t\t\t<\/div>\n\t\t\t\t<\/div>\n\t\t\t\t<div class=\"elementor-element elementor-element-1a79fca elementor-widget elementor-widget-heading\" data-id=\"1a79fca\" data-element_type=\"widget\" data-e-type=\"widget\" data-widget_type=\"heading.default\">\n\t\t\t\t<div class=\"elementor-widget-container\">\n\t\t\t\t\t<h1 class=\"elementor-heading-title elementor-size-default\">Datenschutz<\/h1>\t\t\t\t<\/div>\n\t\t\t\t<\/div>\n\t\t\t\t<div class=\"elementor-element elementor-element-5fe962a elementor-widget elementor-widget-spacer\" data-id=\"5fe962a\" data-element_type=\"widget\" data-e-type=\"widget\" data-widget_type=\"spacer.default\">\n\t\t\t\t<div class=\"elementor-widget-container\">\n\t\t\t\t\t\t\t<div class=\"elementor-spacer\">\n\t\t\t<div class=\"elementor-spacer-inner\"><\/div>\n\t\t<\/div>\n\t\t\t\t\t\t<\/div>\n\t\t\t\t<\/div>\n\t\t\t\t\t<\/div>\n\t\t<\/div>\n\t\t\t\t\t<\/div>\n\t\t<\/section>\n\t\t\t\t<section class=\"has_eae_slider elementor-section elementor-top-section elementor-element elementor-element-27bf865 elementor-section-boxed elementor-section-height-default elementor-section-height-default\" data-eae-slider=\"93692\" data-id=\"27bf865\" data-element_type=\"section\" data-e-type=\"section\">\n\t\t\t\t\t\t<div class=\"elementor-container elementor-column-gap-default\">\n\t\t\t\t\t<div class=\"has_eae_slider elementor-column elementor-col-100 elementor-top-column elementor-element elementor-element-12baaa6\" data-eae-slider=\"97876\" data-id=\"12baaa6\" data-element_type=\"column\" data-e-type=\"column\">\n\t\t\t<div class=\"elementor-widget-wrap elementor-element-populated\">\n\t\t\t\t\t\t<div class=\"elementor-element elementor-element-8914422 elementor-widget elementor-widget-text-editor\" data-id=\"8914422\" data-element_type=\"widget\" data-e-type=\"widget\" data-widget_type=\"text-editor.default\">\n\t\t\t\t<div class=\"elementor-widget-container\">\n\t\t\t\t\t\t\t\t\t<p><span class=\"VIiyi\" lang=\"de\"><span class=\"JLqJ4b\" data-language-for-alternatives=\"de\" data-language-to-translate-into=\"en\" data-phrase-index=\"0\" data-number-of-phrases=\"1\">Zweck dieses Dokuments ist es, dar\u00fcber zu informieren, wie Antosson Ihre personenbezogenen Daten (im Folgenden \u201eIhre Daten\u201c) gem\u00e4\u00df den Vorschriften der Verordnung (EU) 2016\/679 des Europ\u00e4ischen Parlaments und des Rates vom 27. April 2016 verarbeitet Schutz nat\u00fcrlicher Personen bei der Verarbeitung personenbezogener Daten (im Folgenden \u201eDSGVO\u201c). Definition 1 Verarbeitung: Vorgang oder Reihe von Vorg\u00e4ngen in Bezug auf personenbezogene Daten, unabh\u00e4ngig vom verwendeten Verfahren (Erhebung, Aufzeichnung, Organisation, Speicherung, Anpassung, \u00c4nderung, Abruf, Konsultation, Verwendung, Kommunikation durch \u00dcbermittlung oder Verbreitung oder jede andere Form der Bereitstellung, Abgleich ) Definition 2 Personenbezogene Daten: alle Informationen, die sich auf eine identifizierte oder identifizierbare nat\u00fcrliche Person beziehen Definition 3 Verantwortlicher: eine nat\u00fcrliche oder juristische Person, Beh\u00f6rde, Abteilung oder andere Stelle, die allein oder gemeinsam mit anderen \u00fcber die Zwecke und Mittel der Verarbeitung entscheidet. Identit\u00e4t des Verantwortlichen Antosson Group 21 Rue de l\u2019\u00e9cole L-7315 Steinsel G-D of Luxembourg Europe (admin@antosson.com) Gr\u00fcnde, aus denen IN2see Ihre personenbezogenen Daten verarbeitet Die Verarbeitung Ihrer Daten basiert darauf, dass dies entweder f\u00fcr die Erf\u00fcllung des Vertrags zwischen Ihnen und der Antosson Group erforderlich ist oder mit Ihrer Zustimmung erfolgt. Erhobene personenbezogene Daten In \u00dcbereinstimmung mit dem Gesetz erhebt die Antosson Group nur die Daten, die f\u00fcr die Erf\u00fcllung ihrer Aufgaben erforderlich sind. F\u00fcr die administrative Verwaltung von Benutzerkonten: Name, Nachname, E-Mail-Adresse, Mobiltelefonnummer, Adresse. Gr\u00fcnde f\u00fcr die Verarbeitung Ihrer personenbezogenen Daten Die Verarbeitung Ihrer Daten basiert darauf, dass dies entweder f\u00fcr die Nutzung der Plattform zwischen Ihnen und der Antosson Group erforderlich ist oder mit Ihrer Zustimmung erfolgt Wem wird es mitgeteilt? Der Datenverantwortliche behandelt Ihre Daten vertraulich und gibt sie nur bei Bedarf und im Einklang mit den gesetzlichen Bestimmungen an Dritte weiter. Zu diesen Dritten k\u00f6nnen andere Unternehmen von IN2see, zust\u00e4ndige Verwaltungen und Beh\u00f6rden sowie Dienstleister geh\u00f6ren. Ihre Daten verbleiben innerhalb der Europ\u00e4ischen Union oder in L\u00e4ndern mit einem \u00e4hnlichen Schutzniveau. Geheimhaltung gegen\u00fcber Dritten Ihre Daten werden nicht an Dritte weitergegeben, es sei denn, Sie haben ausdr\u00fccklich eingewilligt oder wir sind zur Weitergabe verpflichtet, beispielsweise aufgrund einer gerichtlichen oder beh\u00f6rdlichen Entscheidung. Nur im Falle eines Verkaufs von Verm\u00f6genswerten\/Anteilen des Unternehmens oder im Falle eines Verkaufs, einer Fusion oder Aufl\u00f6sung des Unternehmens k\u00f6nnen wir Ihre Daten an die neue juristische Person weitergeben, wenn die in dieser Mitteilung dargelegten Zwecke bestehen bleiben gleich. Datenspeicherung und Standort Die von der Antosson Group und von registrierten oder professionellen Benutzern gesammelten Daten werden auf Servern gespeichert, die sich in Irland bei AWS Amazon Web Services befinden, und dies in Redundanz (Duplizierung) auf Servern, die sich ebenfalls in Irland befinden. Die oben genannten Server werden von und unter der Verantwortung von AWS Amazon Web Services vor b\u00f6swilligem Eindringen und Datendiebstahl gesch\u00fctzt. Siehe Allgemeine Gesch\u00e4ftsbedingungen Sicherheit Ihrer Daten Die Antosson Group verpflichtet sich, die zum Schutz Ihrer Daten erforderlichen technischen und organisatorischen Sicherheitsma\u00dfnahmen umzusetzen. Dauer der Speicherung Ihrer Daten Die Antosson Group bewahrt Ihre Daten so lange auf, wie dies erforderlich ist, um die f\u00fcr sie geltenden gesetzlichen und beh\u00f6rdlichen Bestimmungen einzuhalten, oder so lange, wie dies erforderlich ist, um die Erf\u00fcllung der Zwecke, f\u00fcr die sie erhoben wurden, zu gew\u00e4hrleisten. Kekse Die Charta f\u00fcr die Verwendung von Cookies ist beigef\u00fcgt Welche Rechte haben Sie? In Anwendung der Datenschutz-Grundverordnung (DSGVO) haben Sie eine Reihe von Rechten. Deine Rechte Recht auf Information Die Antosson Group hofft, dass dieses Dokument Ihre Fragen beantwortet hat. Zugangsrecht Sie haben das Recht, von dem Verantwortlichen eine Best\u00e4tigung dar\u00fcber zu verlangen, ob Sie betreffende personenbezogene Daten verarbeitet werden und wo sie gespeichert sind, Zugang zu diesen personenbezogenen Daten und die folgenden Informationen zu erhalten die Kategorien der erhobenen und verarbeiteten personenbezogenen Daten die Zwecke, f\u00fcr die die Daten verarbeitet werden die Kategorien von Empf\u00e4ngern, gegen\u00fcber denen die personenbezogenen Daten offengelegt wurden oder voraussichtlich offengelegt werden; die Dauer der Aufbewahrung der personenbezogenen Daten; Informationen \u00fcber Ihre Rechte in Bezug auf Ihre personenbezogenen Daten. Widerspruchsrecht Sie k\u00f6nnen der Verarbeitung Ihrer personenbezogenen Daten aus legitimen Gr\u00fcnden widersprechen. Der Verantwortliche verarbeitet Ihre personenbezogenen Daten daher nicht mehr, es sei denn, er kann zwingende schutzw\u00fcrdige Gr\u00fcnde f\u00fcr die Verarbeitung nachweisen, die die Interessen, Rechte und Freiheiten der betroffenen Person \u00fcberwiegen, oder die Verarbeitung dient der Geltendmachung, Aus\u00fcbung oder Verteidigung von Rechtsanspr\u00fcchen. Recht auf Berichtigung Sie haben das Recht, die Berichtigung Ihrer personenbezogenen Daten zu verlangen, wenn diese sich als unrichtig, unvollst\u00e4ndig oder veraltet herausstellen. Recht auf Vergessenwerden Als Inhaber des Rechts auf Vergessenwerden k\u00f6nnen Sie die L\u00f6schung Ihrer personenbezogenen Daten verlangen. Dieses Recht ist jedoch nicht absolut und kann beispielsweise den berechtigten Interessen des Datenverantwortlichen \u2013 oder seinen gesetzlichen Verpflichtungen \u2013 zuwiderlaufen<\/span><\/span><\/p>\t\t\t\t\t\t\t\t<\/div>\n\t\t\t\t<\/div>\n\t\t\t\t\t<\/div>\n\t\t<\/div>\n\t\t\t\t\t<\/div>\n\t\t<\/section>\n\t\t\t\t<section class=\"has_eae_slider elementor-section elementor-top-section elementor-element elementor-element-aea0272 elementor-section-boxed elementor-section-height-default elementor-section-height-default\" data-eae-slider=\"15303\" data-id=\"aea0272\" data-element_type=\"section\" data-e-type=\"section\">\n\t\t\t\t\t\t<div class=\"elementor-container elementor-column-gap-default\">\n\t\t\t\t\t<div class=\"has_eae_slider elementor-column elementor-col-100 elementor-top-column elementor-element elementor-element-becc721\" data-eae-slider=\"52420\" data-id=\"becc721\" data-element_type=\"column\" data-e-type=\"column\" data-settings=\"{&quot;background_background&quot;:&quot;classic&quot;}\">\n\t\t\t<div class=\"elementor-widget-wrap elementor-element-populated\">\n\t\t\t\t\t\t<div class=\"elementor-element elementor-element-4a50cff elementor-arrows-position-inside elementor-pagination-position-outside elementor-widget elementor-widget-image-carousel\" data-id=\"4a50cff\" data-element_type=\"widget\" data-e-type=\"widget\" data-settings=\"{&quot;slides_to_show&quot;:&quot;6&quot;,&quot;slides_to_scroll&quot;:&quot;1&quot;,&quot;pause_on_hover&quot;:&quot;no&quot;,&quot;pause_on_interaction&quot;:&quot;no&quot;,&quot;navigation&quot;:&quot;both&quot;,&quot;autoplay&quot;:&quot;yes&quot;,&quot;autoplay_speed&quot;:5000,&quot;infinite&quot;:&quot;yes&quot;,&quot;speed&quot;:500}\" data-widget_type=\"image-carousel.default\">\n\t\t\t\t<div class=\"elementor-widget-container\">\n\t\t\t\t\t\t\t<div class=\"elementor-image-carousel-wrapper swiper\" role=\"region\" aria-roledescription=\"carousel\" aria-label=\"Bild Karussell\" dir=\"ltr\">\n\t\t\t<div class=\"elementor-image-carousel swiper-wrapper\" aria-live=\"off\">\n\t\t\t\t\t\t\t\t<div class=\"swiper-slide\" role=\"group\" aria-roledescription=\"slide\" aria-label=\"1 von 12\"><figure class=\"swiper-slide-inner\"><img decoding=\"async\" class=\"swiper-slide-image\" src=\"https:\/\/antosson.com\/wp-content\/uploads\/2021\/11\/Bildschirmfoto-2021-11-11-um-13.37.21.png\" alt=\"SerGate Antosson Group\" \/><figcaption class=\"elementor-image-carousel-caption\">SerGate Antosson Group<\/figcaption><\/figure><\/div><div class=\"swiper-slide\" role=\"group\" aria-roledescription=\"slide\" aria-label=\"2 von 12\"><figure class=\"swiper-slide-inner\"><img decoding=\"async\" class=\"swiper-slide-image\" src=\"https:\/\/antosson.com\/wp-content\/uploads\/2021\/11\/thumb_CNA-logo-320-e1541780948163.jpg\" alt=\"Centre Nationale Audiovisuel\" \/><figcaption class=\"elementor-image-carousel-caption\">Centre Nationale Audiovisuel<\/figcaption><\/figure><\/div><div class=\"swiper-slide\" role=\"group\" aria-roledescription=\"slide\" aria-label=\"3 von 12\"><figure class=\"swiper-slide-inner\"><img decoding=\"async\" class=\"swiper-slide-image\" src=\"https:\/\/antosson.com\/wp-content\/uploads\/2021\/11\/DuPont_tm_rgb-300x87.png\" alt=\"Dupont de Nemours Luxembourg\" \/><figcaption class=\"elementor-image-carousel-caption\">Dupont de Nemours Luxembourg<\/figcaption><\/figure><\/div><div class=\"swiper-slide\" role=\"group\" aria-roledescription=\"slide\" aria-label=\"4 von 12\"><figure class=\"swiper-slide-inner\"><img decoding=\"async\" class=\"swiper-slide-image\" src=\"https:\/\/antosson.com\/wp-content\/uploads\/2021\/11\/institut_europeen_main-e1542022019247-1.png\" alt=\"Institut europeen de la Main\" \/><figcaption class=\"elementor-image-carousel-caption\">Institut europeen de la Main<\/figcaption><\/figure><\/div><div class=\"swiper-slide\" role=\"group\" aria-roledescription=\"slide\" aria-label=\"5 von 12\"><figure class=\"swiper-slide-inner\"><img decoding=\"async\" class=\"swiper-slide-image\" src=\"https:\/\/antosson.com\/wp-content\/uploads\/2021\/11\/thumb_bda5cmxh-e1542022759989.png\" alt=\"Minist\u00e8re de l&#039;\u00e9ducation\" \/><figcaption class=\"elementor-image-carousel-caption\">Minist\u00e8re de l'\u00e9ducation<\/figcaption><\/figure><\/div><div class=\"swiper-slide\" role=\"group\" aria-roledescription=\"slide\" aria-label=\"6 von 12\"><figure class=\"swiper-slide-inner\"><img decoding=\"async\" class=\"swiper-slide-image\" src=\"https:\/\/antosson.com\/wp-content\/uploads\/2021\/11\/ABA-e1542022215347.jpg\" alt=\"Arm\u00e9e de l&#039;aire Belge \u00e0 Bertix\" \/><figcaption class=\"elementor-image-carousel-caption\">Arm\u00e9e de l'aire Belge \u00e0 Bertix<\/figcaption><\/figure><\/div><div class=\"swiper-slide\" role=\"group\" aria-roledescription=\"slide\" aria-label=\"7 von 12\"><figure class=\"swiper-slide-inner\"><img decoding=\"async\" class=\"swiper-slide-image\" src=\"https:\/\/antosson.com\/wp-content\/uploads\/2021\/11\/goodyear_logo_3d-e1542022663255-300x90.png\" alt=\"Goodyear Luxembourg\" \/><figcaption class=\"elementor-image-carousel-caption\">Goodyear Luxembourg<\/figcaption><\/figure><\/div><div class=\"swiper-slide\" role=\"group\" aria-roledescription=\"slide\" aria-label=\"8 von 12\"><figure class=\"swiper-slide-inner\"><img decoding=\"async\" class=\"swiper-slide-image\" src=\"https:\/\/antosson.com\/wp-content\/uploads\/2021\/11\/AWS-e1542022382875.jpg\" alt=\"Amazon Web Services\" \/><figcaption class=\"elementor-image-carousel-caption\">Amazon Web Services<\/figcaption><\/figure><\/div><div class=\"swiper-slide\" role=\"group\" aria-roledescription=\"slide\" aria-label=\"9 von 12\"><figure class=\"swiper-slide-inner\"><img decoding=\"async\" class=\"swiper-slide-image\" src=\"https:\/\/antosson.com\/wp-content\/uploads\/2021\/11\/Ministere_Sante-e1542022798672-300x71.png\" alt=\"Minist\u00e8re de la sant\u00e9\" \/><figcaption class=\"elementor-image-carousel-caption\">Minist\u00e8re de la sant\u00e9<\/figcaption><\/figure><\/div><div class=\"swiper-slide\" role=\"group\" aria-roledescription=\"slide\" aria-label=\"10 von 12\"><figure class=\"swiper-slide-inner\"><img decoding=\"async\" class=\"swiper-slide-image\" src=\"https:\/\/antosson.com\/wp-content\/uploads\/2021\/11\/cluture-e1541780972507.png\" alt=\"Minist\u00e8re de la culture\" \/><figcaption class=\"elementor-image-carousel-caption\">Minist\u00e8re de la culture<\/figcaption><\/figure><\/div><div class=\"swiper-slide\" role=\"group\" aria-roledescription=\"slide\" aria-label=\"11 von 12\"><figure class=\"swiper-slide-inner\"><img decoding=\"async\" class=\"swiper-slide-image\" src=\"https:\/\/antosson.com\/wp-content\/uploads\/2021\/11\/IN2see-2021-logo-300x122.png\" alt=\"IN2see Luxembourg\" \/><figcaption class=\"elementor-image-carousel-caption\">IN2see Luxembourg<\/figcaption><\/figure><\/div><div class=\"swiper-slide\" role=\"group\" aria-roledescription=\"slide\" aria-label=\"12 von 12\"><figure class=\"swiper-slide-inner\"><img decoding=\"async\" class=\"swiper-slide-image\" src=\"https:\/\/antosson.com\/wp-content\/uploads\/2021\/11\/Bildschirmfoto-2021-11-11-um-13.39.16.png\" alt=\"Grenadier Luxembourg\" \/><figcaption class=\"elementor-image-carousel-caption\">Grenadier Luxembourg<\/figcaption><\/figure><\/div>\t\t\t<\/div>\n\t\t\t\t\t\t\t\t\t\t\t\t<div class=\"elementor-swiper-button elementor-swiper-button-prev\" role=\"button\" tabindex=\"0\">\n\t\t\t\t\t\t<i aria-hidden=\"true\" class=\"eicon-chevron-left\"><\/i>\t\t\t\t\t<\/div>\n\t\t\t\t\t<div class=\"elementor-swiper-button elementor-swiper-button-next\" role=\"button\" tabindex=\"0\">\n\t\t\t\t\t\t<i aria-hidden=\"true\" class=\"eicon-chevron-right\"><\/i>\t\t\t\t\t<\/div>\n\t\t\t\t\n\t\t\t\t\t\t\t\t\t<div class=\"swiper-pagination\"><\/div>\n\t\t\t\t\t\t\t\t\t<\/div>\n\t\t\t\t\t\t<\/div>\n\t\t\t\t<\/div>\n\t\t\t\t\t<\/div>\n\t\t<\/div>\n\t\t\t\t\t<\/div>\n\t\t<\/section>\n\t\t\t\t<\/div>\n\t\t","protected":false},"excerpt":{"rendered":"<p>Arbeiten mit Leidenschaft ist unser Beruf! Facebook Twitter Youtube Datenschutz Zweck dieses Dokuments ist es, dar\u00fcber zu informieren, wie Antosson Ihre personenbezogenen Daten (im Folgenden \u201eIhre Daten\u201c) gem\u00e4\u00df den Vorschriften der Verordnung (EU) 2016\/679 des Europ\u00e4ischen Parlaments und des Rates vom 27. April 2016 verarbeitet Schutz nat\u00fcrlicher Personen bei der Verarbeitung personenbezogener Daten (im Folgenden [&hellip;]<\/p>\n","protected":false},"author":1,"featured_media":0,"parent":0,"menu_order":0,"comment_status":"closed","ping_status":"closed","template":"","meta":{"footnotes":""},"class_list":["post-1642","page","type-page","status-publish","hentry"],"_links":{"self":[{"href":"https:\/\/antosson.com\/index.php?rest_route=\/wp\/v2\/pages\/1642","targetHints":{"allow":["GET"]}}],"collection":[{"href":"https:\/\/antosson.com\/index.php?rest_route=\/wp\/v2\/pages"}],"about":[{"href":"https:\/\/antosson.com\/index.php?rest_route=\/wp\/v2\/types\/page"}],"author":[{"embeddable":true,"href":"https:\/\/antosson.com\/index.php?rest_route=\/wp\/v2\/users\/1"}],"replies":[{"embeddable":true,"href":"https:\/\/antosson.com\/index.php?rest_route=%2Fwp%2Fv2%2Fcomments&post=1642"}],"version-history":[{"count":10,"href":"https:\/\/antosson.com\/index.php?rest_route=\/wp\/v2\/pages\/1642\/revisions"}],"predecessor-version":[{"id":1885,"href":"https:\/\/antosson.com\/index.php?rest_route=\/wp\/v2\/pages\/1642\/revisions\/1885"}],"wp:attachment":[{"href":"https:\/\/antosson.com\/index.php?rest_route=%2Fwp%2Fv2%2Fmedia&parent=1642"}],"curies":[{"name":"wp","href":"https:\/\/api.w.org\/{rel}","templated":true}]}}